{"id":34,"date":"2020-08-16T19:51:36","date_gmt":"2020-08-16T19:51:36","guid":{"rendered":"https:\/\/academiavirtualprogreso.mx\/?page_id=34"},"modified":"2020-10-02T21:16:54","modified_gmt":"2020-10-02T21:16:54","slug":"inicio","status":"publish","type":"page","link":"https:\/\/academiavirtualprogreso.mx\/","title":{"rendered":"Inicio"},"content":{"rendered":"\r\n<p><a href=\"https:\/\/academiavirtualprogreso.mx\/?page_id=227\"><strong>AVISO IMPORTANTE sobre las tabletas digitales!<\/strong><\/a><\/p>\r\n<p><strong>\u00a1Bienvenidos a Academia Virtual Progreso!<\/strong> En esta p\u00e1gina le ayudaremos a encontrar sitios interesantes para visitar en Internet. Explorar\u00e1s nuevos lugares, vivir\u00e1s algunas aventuras y, lo m\u00e1s importante, \u00a1aprender\u00e1s a encontrar cosas t\u00fa mismo!<\/p>\r\n\r\n\r\n\r\n\r\n\r\n<ul>\r\n<li><strong><a href=\"https:\/\/es.khanacademy.org\" target=\"_blank\" rel=\"noreferrer noopener\">Khan Academy (en espa\u00f1ol):<\/a><\/strong> <strong><em>\u00a1Empieza aqui!<\/em><\/strong> Khan Academy tiene cursos en Matem\u00e1ticas, Ciencia, Econom\u00eda, y Computaci\u00f3n. ((Haga clic en el bot\u00f3n del <strong>CURSOS<\/strong> en la esquina superior izquierda para ver todo). Todo es GRATIS.<br \/><br \/>\r\n\r\n\r\n\r\n<\/li>\r\n<li><strong>Dos lugares que pueden ayudarte a aprender ingl\u00e9s<\/strong> (o usar como <strong>diccionario<\/strong> para traducir palabras):<br \/><a href=\"https:\/\/www.spanishdict.com\/es\"><strong>https:\/\/www.spanishdict.com\/es<\/strong><\/a> y <br \/><a href=\"https:\/\/es.duolingo.com\" target=\"_blank\" rel=\"noreferrer noopener\"><strong>https:\/\/es.duolingo.com<\/strong><\/a><\/li>\r\n<\/ul>\r\n\r\n\r\n\r\n<p>\u00bfEstas listo para empezar? Vamos a las <a href=\"https:\/\/academiavirtualprogreso.mx\/?page_id=93\"><strong>AVENTURAS<\/strong><\/a>.<\/p>\r\n\r\n\r\n\r\n<p>&nbsp;<\/p>\r\n","protected":false},"excerpt":{"rendered":"<p>AVISO IMPORTANTE sobre las tabletas digitales! \u00a1Bienvenidos a Academia Virtual Progreso! En esta p\u00e1gina le ayudaremos a encontrar sitios interesantes para visitar en Internet. Explorar\u00e1s nuevos lugares, vivir\u00e1s algunas aventuras y, lo m\u00e1s importante, \u00a1aprender\u00e1s a encontrar cosas t\u00fa mismo! Khan Academy (en espa\u00f1ol): \u00a1Empieza aqui! Khan Academy tiene cursos en Matem\u00e1ticas, Ciencia, Econom\u00eda, y<br \/><a class=\"moretag\" href=\"https:\/\/academiavirtualprogreso.mx\/\">+ Read More<\/a><\/p>\n","protected":false},"author":1,"featured_media":0,"parent":0,"menu_order":0,"comment_status":"closed","ping_status":"closed","template":"","meta":[],"_links":{"self":[{"href":"https:\/\/academiavirtualprogreso.mx\/index.php?rest_route=\/wp\/v2\/pages\/34"}],"collection":[{"href":"https:\/\/academiavirtualprogreso.mx\/index.php?rest_route=\/wp\/v2\/pages"}],"about":[{"href":"https:\/\/academiavirtualprogreso.mx\/index.php?rest_route=\/wp\/v2\/types\/page"}],"author":[{"embeddable":true,"href":"https:\/\/academiavirtualprogreso.mx\/index.php?rest_route=\/wp\/v2\/users\/1"}],"replies":[{"embeddable":true,"href":"https:\/\/academiavirtualprogreso.mx\/index.php?rest_route=%2Fwp%2Fv2%2Fcomments&post=34"}],"version-history":[{"count":16,"href":"https:\/\/academiavirtualprogreso.mx\/index.php?rest_route=\/wp\/v2\/pages\/34\/revisions"}],"predecessor-version":[{"id":231,"href":"https:\/\/academiavirtualprogreso.mx\/index.php?rest_route=\/wp\/v2\/pages\/34\/revisions\/231"}],"wp:attachment":[{"href":"https:\/\/academiavirtualprogreso.mx\/index.php?rest_route=%2Fwp%2Fv2%2Fmedia&parent=34"}],"curies":[{"name":"wp","href":"https:\/\/api.w.org\/{rel}","templated":true}]}}