{"id":227,"date":"2020-10-02T21:14:34","date_gmt":"2020-10-02T21:14:34","guid":{"rendered":"https:\/\/academiavirtualprogreso.mx\/?page_id=227"},"modified":"2020-10-02T21:36:26","modified_gmt":"2020-10-02T21:36:26","slug":"mantenga-su-tableta-segura","status":"publish","type":"page","link":"https:\/\/academiavirtualprogreso.mx\/?page_id=227","title":{"rendered":"MANTENGA SU TABLETA SEGURA"},"content":{"rendered":"<p>Cada estudiante del Programa Progreso Apoyo recibi\u00f3 una tableta digital Ghia en septiembre de 2020.<br \/>\nEs muy importante que S\u00d3LO instale aplicaciones en su tableta que sean solicitadas por su escuela o por el Programa.<br \/>\nHay dos razones para esto:<\/p>\n<ul>\n<li>Primero, algunas aplicaciones pueden contener virus o software peligroso que pueden robar sus datos personales o da\u00f1ar su tableta.<\/li>\n<li>En segundo lugar, estas aplicaciones pueden tomar el control de la memoria de su tableta y evitar que las aplicaciones que NECESITA usar se ejecuten correctamente.<\/li>\n<\/ul>\n<p>Recuerde, estas tabletas son provistas por el Programa Progreso Apoyo para ayudarlo con su trabajo escolar. \u00a1No son para juegos o entretenimiento!\u00a0 Esperamos que hagan su aprendizaje m\u00e1s f\u00e1cil y agradable.<\/p>\n<p><strong>SI YA HA INSTALADO APLICACIONES, AQU\u00cd ES C\u00d3MO DESINSTALARLAS:<\/strong><\/p>\n<ol>\n<li>En la pantalla de inicio, mantenga el dedo sobre el bot\u00f3n aplicaci\u00f3n hasta que aparezca el bot\u00f3n &#8220;Informaci\u00f3n de app&#8221;.<br \/>\n<img loading=\"lazy\" class=\"alignnone size-medium wp-image-233\" src=\"https:\/\/academiavirtualprogreso.mx\/wp-content\/uploads\/2020\/10\/201002uninstall1-300x197.jpg\" alt=\"\" width=\"300\" height=\"197\" srcset=\"https:\/\/academiavirtualprogreso.mx\/wp-content\/uploads\/2020\/10\/201002uninstall1-300x197.jpg 300w, https:\/\/academiavirtualprogreso.mx\/wp-content\/uploads\/2020\/10\/201002uninstall1.jpg 578w\" sizes=\"(max-width: 300px) 100vw, 300px\" \/><\/li>\n<li>Toca eso bot\u00f3n con tu dedo.<\/li>\n<li>Se abrir\u00e1 la ventana de &#8220;Informaci\u00f3n de la aplicaci\u00f3n.&#8221;<\/li>\n<li>Toque el bot\u00f3n DESINSTALAR.<br \/>\n<img loading=\"lazy\" class=\"alignnone size-medium wp-image-234\" src=\"https:\/\/academiavirtualprogreso.mx\/wp-content\/uploads\/2020\/10\/201002uninstall2-300x200.jpg\" alt=\"\" width=\"300\" height=\"200\" srcset=\"https:\/\/academiavirtualprogreso.mx\/wp-content\/uploads\/2020\/10\/201002uninstall2-300x200.jpg 300w, https:\/\/academiavirtualprogreso.mx\/wp-content\/uploads\/2020\/10\/201002uninstall2.jpg 338w\" sizes=\"(max-width: 300px) 100vw, 300px\" \/><\/li>\n<li>Cuando le pregunta, &#8220;\u00bfDeseas desinstalar esta aplicaci\u00f3n?&#8221; toque ACEPTAR.<\/li>\n<\/ol>\n","protected":false},"excerpt":{"rendered":"<p>Cada estudiante del Programa Progreso Apoyo recibi\u00f3 una tableta digital Ghia en septiembre de 2020. Es muy importante que S\u00d3LO instale aplicaciones en su tableta que sean solicitadas por su escuela o por el Programa. Hay dos razones para esto: Primero, algunas aplicaciones pueden contener virus o software peligroso que pueden robar sus datos personales<br \/><a class=\"moretag\" href=\"https:\/\/academiavirtualprogreso.mx\/?page_id=227\">+ Read More<\/a><\/p>\n","protected":false},"author":1,"featured_media":0,"parent":0,"menu_order":0,"comment_status":"closed","ping_status":"closed","template":"","meta":[],"_links":{"self":[{"href":"https:\/\/academiavirtualprogreso.mx\/index.php?rest_route=\/wp\/v2\/pages\/227"}],"collection":[{"href":"https:\/\/academiavirtualprogreso.mx\/index.php?rest_route=\/wp\/v2\/pages"}],"about":[{"href":"https:\/\/academiavirtualprogreso.mx\/index.php?rest_route=\/wp\/v2\/types\/page"}],"author":[{"embeddable":true,"href":"https:\/\/academiavirtualprogreso.mx\/index.php?rest_route=\/wp\/v2\/users\/1"}],"replies":[{"embeddable":true,"href":"https:\/\/academiavirtualprogreso.mx\/index.php?rest_route=%2Fwp%2Fv2%2Fcomments&post=227"}],"version-history":[{"count":3,"href":"https:\/\/academiavirtualprogreso.mx\/index.php?rest_route=\/wp\/v2\/pages\/227\/revisions"}],"predecessor-version":[{"id":235,"href":"https:\/\/academiavirtualprogreso.mx\/index.php?rest_route=\/wp\/v2\/pages\/227\/revisions\/235"}],"wp:attachment":[{"href":"https:\/\/academiavirtualprogreso.mx\/index.php?rest_route=%2Fwp%2Fv2%2Fmedia&parent=227"}],"curies":[{"name":"wp","href":"https:\/\/api.w.org\/{rel}","templated":true}]}}